{"id":1015,"date":"2024-10-29T09:51:50","date_gmt":"2024-10-29T08:51:50","guid":{"rendered":"https:\/\/www.pirschheidi.com\/2020\/?page_id=1015"},"modified":"2025-04-04T06:52:18","modified_gmt":"2025-04-04T04:52:18","slug":"pirschheidi-produktionen","status":"publish","type":"page","link":"https:\/\/pirschheidi.com\/2020\/pirschheidi-produktionen\/","title":{"rendered":"Eigenproduktionen"},"content":{"rendered":"\n<h2 class=\"wp-block-heading\">Mehr Bass als Sanssouci erlaubt \ud83c\udff0\ud83d\udd0a<\/h2>\n\n\n\n<p>Bei uns trifft kreativer Witz auf moderne Musikproduktion. Unsere Songs entstehen durch die Zusammenarbeit von Frank Heck und Torsten Kuhn, die als Textdichter und Musikproduzenten f\u00fcr mitrei\u00dfende Melodien und eing\u00e4ngige Texte sorgen.<\/p>\n\n\n\n<p>Wir setzen auf wechselnde S\u00e4ngerinnen und S\u00e4nger, die jedem Song eine eigene Note verleihen. Die Produktion erfolgt im modernen Studio mit KI-gest\u00fctzten Plugins, die unseren Sound noch pr\u00e4ziser, druckvoller und einzigartiger machen. So entsteht der unverwechselbare Pirschheidi-Sound \u2013 eing\u00e4ngig und tanzbar!<\/p>\n\n\n\n<figure class=\"wp-block-image size-full\"><img decoding=\"async\" width=\"1024\" height=\"1024\" data-src=\"https:\/\/www.pirschheidi.com\/2020\/wp-content\/uploads\/2025\/03\/grafik.png\" alt=\"\" class=\"wp-image-1119 lazyload\" data-srcset=\"https:\/\/pirschheidi.com\/2020\/wp-content\/uploads\/2025\/03\/grafik.png 1024w, https:\/\/pirschheidi.com\/2020\/wp-content\/uploads\/2025\/03\/grafik-300x300.png 300w, https:\/\/pirschheidi.com\/2020\/wp-content\/uploads\/2025\/03\/grafik-150x150.png 150w, https:\/\/pirschheidi.com\/2020\/wp-content\/uploads\/2025\/03\/grafik-768x768.png 768w, https:\/\/pirschheidi.com\/2020\/wp-content\/uploads\/2025\/03\/grafik-100x100.png 100w\" data-sizes=\"(max-width: 767px) 89vw, (max-width: 1000px) 54vw, (max-width: 1071px) 543px, 580px\" src=\"data:image\/svg+xml;base64,PHN2ZyB3aWR0aD0iMSIgaGVpZ2h0PSIxIiB4bWxucz0iaHR0cDovL3d3dy53My5vcmcvMjAwMC9zdmciPjwvc3ZnPg==\" style=\"--smush-placeholder-width: 1024px; --smush-placeholder-aspect-ratio: 1024\/1024;\" \/><\/figure>\n\n\n\n<p><strong><a href=\"https:\/\/www.pirschheidi.com\/2020\/kunstlerkollektiv-pirschheidi\/\">K\u00fcnstlerkollektiv Pirschheidi<\/a><\/strong><br>Energetischer Pop-Schlager und Malle-Techno<\/p>\n\n\n\n<p><strong><a href=\"https:\/\/www.pirschheidi.com\/2020\/pirschheidi\/\">Pirschheidi<\/a><\/strong><br>Klassische Schlager, Balladen und Kinderlieder<\/p>\n\n\n\n<figure class=\"wp-block-image size-full\"><img decoding=\"async\" width=\"608\" height=\"608\" data-src=\"https:\/\/www.pirschheidi.com\/2020\/wp-content\/uploads\/2025\/04\/bierdeckel_rund_100_gelb.png\" alt=\"\" class=\"wp-image-1134 lazyload\" data-srcset=\"https:\/\/pirschheidi.com\/2020\/wp-content\/uploads\/2025\/04\/bierdeckel_rund_100_gelb.png 608w, https:\/\/pirschheidi.com\/2020\/wp-content\/uploads\/2025\/04\/bierdeckel_rund_100_gelb-300x300.png 300w, https:\/\/pirschheidi.com\/2020\/wp-content\/uploads\/2025\/04\/bierdeckel_rund_100_gelb-150x150.png 150w, https:\/\/pirschheidi.com\/2020\/wp-content\/uploads\/2025\/04\/bierdeckel_rund_100_gelb-100x100.png 100w\" data-sizes=\"(max-width: 608px) 100vw, 608px\" src=\"data:image\/svg+xml;base64,PHN2ZyB3aWR0aD0iMSIgaGVpZ2h0PSIxIiB4bWxucz0iaHR0cDovL3d3dy53My5vcmcvMjAwMC9zdmciPjwvc3ZnPg==\" style=\"--smush-placeholder-width: 608px; --smush-placeholder-aspect-ratio: 608\/608;\" \/><\/figure>\n","protected":false},"excerpt":{"rendered":"<p>Mehr Bass als Sanssouci erlaubt \ud83c\udff0\ud83d\udd0a Bei uns trifft kreativer Witz auf moderne Musikproduktion. Unsere Songs entstehen durch die Zusammenarbeit von Frank Heck und Torsten Kuhn, die als Textdichter und Musikproduzenten f\u00fcr mitrei\u00dfende Melodien und eing\u00e4ngige Texte sorgen. Wir setzen auf wechselnde S\u00e4ngerinnen und S\u00e4nger, die jedem Song eine eigene Note verleihen. Die Produktion erfolgt &hellip; <\/p>\n<p class=\"link-more\"><a href=\"https:\/\/pirschheidi.com\/2020\/pirschheidi-produktionen\/\" class=\"more-link\"><span class=\"screen-reader-text\">\u201eEigenproduktionen\u201c <\/span>weiterlesen<\/a><\/p>\n","protected":false},"author":2,"featured_media":0,"parent":0,"menu_order":0,"comment_status":"closed","ping_status":"closed","template":"","meta":{"footnotes":""},"class_list":["post-1015","page","type-page","status-publish","hentry"],"_links":{"self":[{"href":"https:\/\/pirschheidi.com\/2020\/wp-json\/wp\/v2\/pages\/1015","targetHints":{"allow":["GET"]}}],"collection":[{"href":"https:\/\/pirschheidi.com\/2020\/wp-json\/wp\/v2\/pages"}],"about":[{"href":"https:\/\/pirschheidi.com\/2020\/wp-json\/wp\/v2\/types\/page"}],"author":[{"embeddable":true,"href":"https:\/\/pirschheidi.com\/2020\/wp-json\/wp\/v2\/users\/2"}],"replies":[{"embeddable":true,"href":"https:\/\/pirschheidi.com\/2020\/wp-json\/wp\/v2\/comments?post=1015"}],"version-history":[{"count":15,"href":"https:\/\/pirschheidi.com\/2020\/wp-json\/wp\/v2\/pages\/1015\/revisions"}],"predecessor-version":[{"id":1135,"href":"https:\/\/pirschheidi.com\/2020\/wp-json\/wp\/v2\/pages\/1015\/revisions\/1135"}],"wp:attachment":[{"href":"https:\/\/pirschheidi.com\/2020\/wp-json\/wp\/v2\/media?parent=1015"}],"curies":[{"name":"wp","href":"https:\/\/api.w.org\/{rel}","templated":true}]}}