{"id":202,"date":"2020-02-07T14:36:34","date_gmt":"2020-02-07T13:36:34","guid":{"rendered":"https:\/\/www.pirschheidi.com\/2020\/?page_id=202"},"modified":"2024-10-29T10:07:04","modified_gmt":"2024-10-29T09:07:04","slug":"musik","status":"publish","type":"page","link":"https:\/\/pirschheidi.com\/2020\/musik\/","title":{"rendered":"Musik"},"content":{"rendered":"\n<p>Musik non stop. \ud83c\udfb6<\/p>\n\n\n\n<p>Wusstet ihr schon, dass Frank, Torsten und Klaus sich regelm\u00e4\u00dfig im Studio einfinden, um zu produzieren!? <\/p>\n\n\n\n<p>Nein!? Es ist aber so. Und sie k\u00f6nnen ihre Finger nicht davon lassen, alten bekannten Ohrw\u00fcrmern neues Leben einzuhauchen. <\/p>\n\n\n\n<p>Meist w\u00e4hlen sie einen Schlager, der etwas langsamer ist. Diesem stricken sie ein modernes Popschlagergewand. Und voil\u00e0, pl\u00f6tzlich ist er da, der moderne Popsong zu dem pl\u00f6tzlich auch junge Menschen mit Begeisterung tanzen. <\/p>\n\n\n\n<p>\u00dcberraschenderweise haben sie damit gleich ein v\u00f6llig neues Musik-Genre zum Leben erweckt, welches sie liebevoll &#8222;Deep Fox&#8220; nennen &#8211; der modernen Mischung aus &#8222;Deep House&#8220; und &#8222;Disco Fox&#8220;. <\/p>\n\n\n\n<p>Das Echo ist durchweg positiv. Jung und Alt erfreuen sich an den modernen alten Melodien. Pirschheidi verbindet Generationen. <\/p>\n\n\n\n<p><strong>Pirschheidi bei Spotify<\/strong><\/p>\n\n\n\n<iframe data-src=\"https:\/\/open.spotify.com\/embed\/artist\/1BLQec1aYTb48skanfjFeB\" width=\"300\" height=\"380\" frameborder=\"0\" allowtransparency=\"true\" allow=\"encrypted-media\" src=\"data:image\/svg+xml;base64,PHN2ZyB3aWR0aD0iMSIgaGVpZ2h0PSIxIiB4bWxucz0iaHR0cDovL3d3dy53My5vcmcvMjAwMC9zdmciPjwvc3ZnPg==\" class=\"lazyload\" data-load-mode=\"1\"><\/iframe>\n\n\n\n<p><strong>K\u00fcnstlerkollektiv Pirschheidi bei Spotify<\/strong><\/p>\n\n\n\n<iframe data-src=\"https:\/\/open.spotify.com\/embed\/artist\/0v9fLC68OzYyNfyvDoo4so\" width=\"300\" height=\"380\" frameborder=\"0\" allowtransparency=\"true\" allow=\"encrypted-media\" src=\"data:image\/svg+xml;base64,PHN2ZyB3aWR0aD0iMSIgaGVpZ2h0PSIxIiB4bWxucz0iaHR0cDovL3d3dy53My5vcmcvMjAwMC9zdmciPjwvc3ZnPg==\" class=\"lazyload\" data-load-mode=\"1\"><\/iframe>\n\n\n\n<p>Und dann sind da ja auch noch die inspirierenden Sessions mit den Berlin&#8217;s 4:<\/p>\n\n\n\n<figure class=\"wp-block-embed is-type-video is-provider-youtube wp-block-embed-youtube wp-embed-aspect-16-9 wp-has-aspect-ratio\"><div class=\"wp-block-embed__wrapper\">\n<iframe title=\"&quot;So lang man Tr\u00e4ume noch leben kann&quot; - Pirschheidi feat. Berlin&#039;s 4\" width=\"525\" height=\"295\" data-src=\"https:\/\/www.youtube.com\/embed\/8pPrCdTjPzE?feature=oembed\" frameborder=\"0\" allow=\"accelerometer; autoplay; clipboard-write; encrypted-media; gyroscope; picture-in-picture; web-share\" referrerpolicy=\"strict-origin-when-cross-origin\" allowfullscreen src=\"data:image\/svg+xml;base64,PHN2ZyB3aWR0aD0iMSIgaGVpZ2h0PSIxIiB4bWxucz0iaHR0cDovL3d3dy53My5vcmcvMjAwMC9zdmciPjwvc3ZnPg==\" class=\"lazyload\" data-load-mode=\"1\"><\/iframe>\n<\/div><\/figure>\n","protected":false},"excerpt":{"rendered":"<p>Musik non stop. \ud83c\udfb6 Wusstet ihr schon, dass Frank, Torsten und Klaus sich regelm\u00e4\u00dfig im Studio einfinden, um zu produzieren!? Nein!? Es ist aber so. Und sie k\u00f6nnen ihre Finger nicht davon lassen, alten bekannten Ohrw\u00fcrmern neues Leben einzuhauchen. Meist w\u00e4hlen sie einen Schlager, der etwas langsamer ist. Diesem stricken sie ein modernes Popschlagergewand. Und &hellip; <\/p>\n<p class=\"link-more\"><a href=\"https:\/\/pirschheidi.com\/2020\/musik\/\" class=\"more-link\"><span class=\"screen-reader-text\">\u201eMusik\u201c <\/span>weiterlesen<\/a><\/p>\n","protected":false},"author":2,"featured_media":0,"parent":0,"menu_order":0,"comment_status":"closed","ping_status":"closed","template":"","meta":{"footnotes":""},"class_list":["post-202","page","type-page","status-publish","hentry"],"_links":{"self":[{"href":"https:\/\/pirschheidi.com\/2020\/wp-json\/wp\/v2\/pages\/202","targetHints":{"allow":["GET"]}}],"collection":[{"href":"https:\/\/pirschheidi.com\/2020\/wp-json\/wp\/v2\/pages"}],"about":[{"href":"https:\/\/pirschheidi.com\/2020\/wp-json\/wp\/v2\/types\/page"}],"author":[{"embeddable":true,"href":"https:\/\/pirschheidi.com\/2020\/wp-json\/wp\/v2\/users\/2"}],"replies":[{"embeddable":true,"href":"https:\/\/pirschheidi.com\/2020\/wp-json\/wp\/v2\/comments?post=202"}],"version-history":[{"count":19,"href":"https:\/\/pirschheidi.com\/2020\/wp-json\/wp\/v2\/pages\/202\/revisions"}],"predecessor-version":[{"id":1025,"href":"https:\/\/pirschheidi.com\/2020\/wp-json\/wp\/v2\/pages\/202\/revisions\/1025"}],"wp:attachment":[{"href":"https:\/\/pirschheidi.com\/2020\/wp-json\/wp\/v2\/media?parent=202"}],"curies":[{"name":"wp","href":"https:\/\/api.w.org\/{rel}","templated":true}]}}