{"id":228,"date":"2020-02-08T17:30:39","date_gmt":"2020-02-08T16:30:39","guid":{"rendered":"https:\/\/www.pirschheidi.com\/2020\/?page_id=228"},"modified":"2025-03-31T09:07:22","modified_gmt":"2025-03-31T07:07:22","slug":"buchung","status":"publish","type":"page","link":"https:\/\/pirschheidi.com\/2020\/buchung\/","title":{"rendered":"Wir sind k\u00e4uflich"},"content":{"rendered":"\n<h2 class=\"wp-block-heading\">Deine Location &#8211; Deine Show &#8211; Dein Umsatz<\/h2>\n\n\n\n<p>Veranstalte deine eigene Pirschheidi!<\/p>\n\n\n\n<p>Wir binden dein Publikum mindestens sechs Stunden &#8211; mit einem einmaligen Showkonzept.<\/p>\n\n\n\n<figure class=\"wp-block-gallery has-nested-images columns-6 is-cropped wp-block-gallery-1 is-layout-flex wp-block-gallery-is-layout-flex\">\n<figure class=\"wp-block-image size-large\"><img decoding=\"async\" width=\"960\" height=\"641\" data-id=\"80\" data-src=\"https:\/\/www.pirschheidi.com\/2020\/wp-content\/uploads\/2020\/02\/75204648_1013737012298450_8103302608246013952_n.jpg\" alt=\"\" class=\"wp-image-80 lazyload\" data-srcset=\"https:\/\/pirschheidi.com\/2020\/wp-content\/uploads\/2020\/02\/75204648_1013737012298450_8103302608246013952_n.jpg 960w, https:\/\/pirschheidi.com\/2020\/wp-content\/uploads\/2020\/02\/75204648_1013737012298450_8103302608246013952_n-300x200.jpg 300w, https:\/\/pirschheidi.com\/2020\/wp-content\/uploads\/2020\/02\/75204648_1013737012298450_8103302608246013952_n-768x513.jpg 768w\" data-sizes=\"(max-width: 767px) 89vw, (max-width: 1000px) 54vw, (max-width: 1071px) 543px, 580px\" src=\"data:image\/svg+xml;base64,PHN2ZyB3aWR0aD0iMSIgaGVpZ2h0PSIxIiB4bWxucz0iaHR0cDovL3d3dy53My5vcmcvMjAwMC9zdmciPjwvc3ZnPg==\" style=\"--smush-placeholder-width: 960px; --smush-placeholder-aspect-ratio: 960\/641;\" \/><\/figure>\n\n\n\n<figure class=\"wp-block-image size-large\"><img decoding=\"async\" width=\"1024\" height=\"683\" data-id=\"82\" data-src=\"https:\/\/www.pirschheidi.com\/2020\/wp-content\/uploads\/2020\/02\/75294223_2546700812271090_6716492818379964416_o-1024x683.jpg\" alt=\"\" class=\"wp-image-82 lazyload\" data-srcset=\"https:\/\/pirschheidi.com\/2020\/wp-content\/uploads\/2020\/02\/75294223_2546700812271090_6716492818379964416_o-1024x683.jpg 1024w, https:\/\/pirschheidi.com\/2020\/wp-content\/uploads\/2020\/02\/75294223_2546700812271090_6716492818379964416_o-300x200.jpg 300w, https:\/\/pirschheidi.com\/2020\/wp-content\/uploads\/2020\/02\/75294223_2546700812271090_6716492818379964416_o-768x512.jpg 768w, https:\/\/pirschheidi.com\/2020\/wp-content\/uploads\/2020\/02\/75294223_2546700812271090_6716492818379964416_o-1536x1025.jpg 1536w, https:\/\/pirschheidi.com\/2020\/wp-content\/uploads\/2020\/02\/75294223_2546700812271090_6716492818379964416_o.jpg 2048w\" data-sizes=\"(max-width: 767px) 89vw, (max-width: 1000px) 54vw, (max-width: 1071px) 543px, 580px\" src=\"data:image\/svg+xml;base64,PHN2ZyB3aWR0aD0iMSIgaGVpZ2h0PSIxIiB4bWxucz0iaHR0cDovL3d3dy53My5vcmcvMjAwMC9zdmciPjwvc3ZnPg==\" style=\"--smush-placeholder-width: 1024px; --smush-placeholder-aspect-ratio: 1024\/683;\" \/><\/figure>\n\n\n\n<figure class=\"wp-block-image size-large\"><img decoding=\"async\" width=\"576\" height=\"1024\" data-id=\"88\" data-src=\"https:\/\/www.pirschheidi.com\/2020\/wp-content\/uploads\/2020\/02\/1573412205087-576x1024.jpg\" alt=\"\" class=\"wp-image-88 lazyload\" data-srcset=\"https:\/\/pirschheidi.com\/2020\/wp-content\/uploads\/2020\/02\/1573412205087-576x1024.jpg 576w, https:\/\/pirschheidi.com\/2020\/wp-content\/uploads\/2020\/02\/1573412205087-169x300.jpg 169w, https:\/\/pirschheidi.com\/2020\/wp-content\/uploads\/2020\/02\/1573412205087.jpg 720w\" data-sizes=\"(max-width: 576px) 100vw, 576px\" src=\"data:image\/svg+xml;base64,PHN2ZyB3aWR0aD0iMSIgaGVpZ2h0PSIxIiB4bWxucz0iaHR0cDovL3d3dy53My5vcmcvMjAwMC9zdmciPjwvc3ZnPg==\" style=\"--smush-placeholder-width: 576px; --smush-placeholder-aspect-ratio: 576\/1024;\" \/><\/figure>\n\n\n\n<figure class=\"wp-block-image size-large\"><img decoding=\"async\" width=\"683\" height=\"1024\" data-id=\"180\" data-src=\"https:\/\/www.pirschheidi.com\/2020\/wp-content\/uploads\/2020\/02\/73364353_2546699962271175_8288354727347879936_o-683x1024.jpg\" alt=\"\" class=\"wp-image-180 lazyload\" data-srcset=\"https:\/\/pirschheidi.com\/2020\/wp-content\/uploads\/2020\/02\/73364353_2546699962271175_8288354727347879936_o-683x1024.jpg 683w, https:\/\/pirschheidi.com\/2020\/wp-content\/uploads\/2020\/02\/73364353_2546699962271175_8288354727347879936_o-200x300.jpg 200w, https:\/\/pirschheidi.com\/2020\/wp-content\/uploads\/2020\/02\/73364353_2546699962271175_8288354727347879936_o-768x1152.jpg 768w, https:\/\/pirschheidi.com\/2020\/wp-content\/uploads\/2020\/02\/73364353_2546699962271175_8288354727347879936_o-1024x1536.jpg 1024w, https:\/\/pirschheidi.com\/2020\/wp-content\/uploads\/2020\/02\/73364353_2546699962271175_8288354727347879936_o.jpg 1365w\" data-sizes=\"(max-width: 683px) 100vw, 683px\" src=\"data:image\/svg+xml;base64,PHN2ZyB3aWR0aD0iMSIgaGVpZ2h0PSIxIiB4bWxucz0iaHR0cDovL3d3dy53My5vcmcvMjAwMC9zdmciPjwvc3ZnPg==\" style=\"--smush-placeholder-width: 683px; --smush-placeholder-aspect-ratio: 683\/1024;\" \/><\/figure>\n\n\n\n<figure class=\"wp-block-image size-large\"><img decoding=\"async\" width=\"683\" height=\"1024\" data-id=\"86\" data-src=\"https:\/\/www.pirschheidi.com\/2020\/wp-content\/uploads\/2020\/02\/75565660_2546700442271127_6143168182476603392_o-683x1024.jpg\" alt=\"\" class=\"wp-image-86 lazyload\" data-srcset=\"https:\/\/pirschheidi.com\/2020\/wp-content\/uploads\/2020\/02\/75565660_2546700442271127_6143168182476603392_o-683x1024.jpg 683w, https:\/\/pirschheidi.com\/2020\/wp-content\/uploads\/2020\/02\/75565660_2546700442271127_6143168182476603392_o-200x300.jpg 200w, https:\/\/pirschheidi.com\/2020\/wp-content\/uploads\/2020\/02\/75565660_2546700442271127_6143168182476603392_o-768x1152.jpg 768w, https:\/\/pirschheidi.com\/2020\/wp-content\/uploads\/2020\/02\/75565660_2546700442271127_6143168182476603392_o-1024x1536.jpg 1024w, https:\/\/pirschheidi.com\/2020\/wp-content\/uploads\/2020\/02\/75565660_2546700442271127_6143168182476603392_o.jpg 1365w\" data-sizes=\"(max-width: 683px) 100vw, 683px\" src=\"data:image\/svg+xml;base64,PHN2ZyB3aWR0aD0iMSIgaGVpZ2h0PSIxIiB4bWxucz0iaHR0cDovL3d3dy53My5vcmcvMjAwMC9zdmciPjwvc3ZnPg==\" style=\"--smush-placeholder-width: 683px; --smush-placeholder-aspect-ratio: 683\/1024;\" \/><\/figure>\n\n\n\n<figure class=\"wp-block-image size-large\"><img decoding=\"async\" width=\"1024\" height=\"683\" data-id=\"81\" data-src=\"https:\/\/www.pirschheidi.com\/2020\/wp-content\/uploads\/2020\/02\/75210118_2546701075604397_3100398511431090176_o-1024x683.jpg\" alt=\"Vincent Gross singt\" class=\"wp-image-81 lazyload\" data-srcset=\"https:\/\/pirschheidi.com\/2020\/wp-content\/uploads\/2020\/02\/75210118_2546701075604397_3100398511431090176_o-1024x683.jpg 1024w, https:\/\/pirschheidi.com\/2020\/wp-content\/uploads\/2020\/02\/75210118_2546701075604397_3100398511431090176_o-300x200.jpg 300w, https:\/\/pirschheidi.com\/2020\/wp-content\/uploads\/2020\/02\/75210118_2546701075604397_3100398511431090176_o-768x512.jpg 768w, https:\/\/pirschheidi.com\/2020\/wp-content\/uploads\/2020\/02\/75210118_2546701075604397_3100398511431090176_o-1536x1024.jpg 1536w, https:\/\/pirschheidi.com\/2020\/wp-content\/uploads\/2020\/02\/75210118_2546701075604397_3100398511431090176_o.jpg 2048w\" data-sizes=\"(max-width: 767px) 89vw, (max-width: 1000px) 54vw, (max-width: 1071px) 543px, 580px\" src=\"data:image\/svg+xml;base64,PHN2ZyB3aWR0aD0iMSIgaGVpZ2h0PSIxIiB4bWxucz0iaHR0cDovL3d3dy53My5vcmcvMjAwMC9zdmciPjwvc3ZnPg==\" style=\"--smush-placeholder-width: 1024px; --smush-placeholder-aspect-ratio: 1024\/683;\" \/><\/figure>\n<\/figure>\n\n\n\n<p>Die \u201cPirschheidi\u201d ist gekennzeichnet durch ein breites Musikspektrum aus dem Schlagerbereich der letzten Dekaden und aktueller Pop-Produktionen. Meist werden ein oder mehrere K\u00fcnstler f\u00fcr Gastauftritte gebucht, die das Veranstaltungsmotto st\u00fctzen. <\/p>\n\n\n\n<p>Ihren Show-Charakter bekommt die Veranstaltung durch die lebendige Moderation von Heck und Kuhn, vor allem aber durch regelm\u00e4\u00dfig wiederkehrende Aktionen verliehen. Diese Aktionen werden im Vorfeld zur Veranstaltung unter den folgenden Begriffen beworben: \u201cEisparade, Blumenzauber, Wurstgl\u00fcck, Rotweintraum, Luftgeschenke, Flamingoweitwurf, Neonflimmer und vieles mehr.\u201d<\/p>\n\n\n\n<p>Mit der Adaption \u201cPirschheidi goes \u2026\u201d, ist dieses Show-Konzept an nahezu jedem Veranstaltungsort in jeder Gr\u00f6\u00dfe zu realisieren.<\/p>\n\n\n\n<p>Bisherige Live Acts auf der Pirschheidi:<\/p>\n\n\n\n<ul class=\"wp-block-list\">\n<li>Michelle<\/li>\n\n\n\n<li>Roberto Blanco<\/li>\n\n\n\n<li>Die Draufg\u00e4nger<\/li>\n\n\n\n<li>Anna-Carina Woitschack<\/li>\n\n\n\n<li>Marina Marx<\/li>\n\n\n\n<li>Vincent Gross<\/li>\n\n\n\n<li>Annemarie Eilfeld<\/li>\n\n\n\n<li>Olaf Henning<\/li>\n\n\n\n<li><span style=\"font-size: 1rem;\">Undine Lux<\/span><\/li>\n\n\n\n<li>Frl. Biene und Band<\/li>\n\n\n\n<li>Sarah Jane Scott<\/li>\n\n\n\n<li>Patricia Larrass<\/li>\n\n\n\n<li>Sophia Venus<\/li>\n\n\n\n<li>Beppo Pohlmann<\/li>\n\n\n\n<li><span style=\"font-size: 1rem;\">Maurice Haase<\/span><\/li>\n\n\n\n<li>Klaus Carpendale<\/li>\n\n\n\n<li><span style=\"font-size: 1rem;\">uvm.<\/span><\/li>\n<\/ul>\n\n\n\n<p>Komplettpaket:<\/p>\n\n\n\n<ul class=\"wp-block-list\">\n<li>6 bis 8 Stunden Pirschheidi-Show <\/li>\n\n\n\n<li>Zwei bis drei Entertainer<\/li>\n\n\n\n<li>Ein Live-Act<\/li>\n\n\n\n<li>Wir unterhalten deine G\u00e4ste mit einem Feuerwerk an Schlagermusik und \u2013aktionen<\/li>\n\n\n\n<li>Inklusive Aktionsartikel<\/li>\n\n\n\n<li>Hotelkosten inklusive<\/li>\n\n\n\n<li>Reisekosten inklusive (keine zus\u00e4tzlichen Kosten f\u00fcr dich)<\/li>\n\n\n\n<li>Optional: Komplettpaket mit weiteren Top-Live-Acts<\/li>\n<\/ul>\n\n\n\n<p>Und das alles zu einem unschlagbaren Komplettpreis! Sprich oder schreibe uns an &#8211; du wirst staunen. <\/p>\n\n\n\n<p>Durch unser exzellentes Netzwerk in der Schlagerbranche und mehrmaliges Booking haben wir den direkten Kontakt zu vielen K\u00fcnstlern und Sondergagen.<\/p>\n\n\n\n<p>Profitiere auch du davon!<\/p>\n\n\n\n<p>Biete deinen G\u00e4sten eine v\u00f6llig neue Erfahrung, denn wir leben den Schlager.<\/p>\n\n\n\n<p>Lehne dich entspannt zur\u00fcck und genie\u00dfe die Show. Und anschlie\u00dfend darfst du deine \u00fcppigen Ums\u00e4tze genie\u00dfen.<\/p>\n\n\n\n<figure class=\"wp-block-image size-full\"><img decoding=\"async\" width=\"800\" height=\"800\" data-src=\"https:\/\/www.pirschheidi.com\/2020\/wp-content\/uploads\/2025\/03\/grafik-3.png\" alt=\"\" class=\"wp-image-1126 lazyload\" data-srcset=\"https:\/\/pirschheidi.com\/2020\/wp-content\/uploads\/2025\/03\/grafik-3.png 800w, https:\/\/pirschheidi.com\/2020\/wp-content\/uploads\/2025\/03\/grafik-3-300x300.png 300w, https:\/\/pirschheidi.com\/2020\/wp-content\/uploads\/2025\/03\/grafik-3-150x150.png 150w, https:\/\/pirschheidi.com\/2020\/wp-content\/uploads\/2025\/03\/grafik-3-768x768.png 768w, https:\/\/pirschheidi.com\/2020\/wp-content\/uploads\/2025\/03\/grafik-3-100x100.png 100w\" data-sizes=\"(max-width: 767px) 89vw, (max-width: 1000px) 54vw, (max-width: 1071px) 543px, 580px\" src=\"data:image\/svg+xml;base64,PHN2ZyB3aWR0aD0iMSIgaGVpZ2h0PSIxIiB4bWxucz0iaHR0cDovL3d3dy53My5vcmcvMjAwMC9zdmciPjwvc3ZnPg==\" style=\"--smush-placeholder-width: 800px; --smush-placeholder-aspect-ratio: 800\/800;\" \/><\/figure>\n\n\n\n<p>Frage uns jetzt nach freien Terminen!<\/p>\n\n\n\n<p>Kontakt:<\/p>\n\n\n\n<p>Torsten Kuhn<br>Paul-Engelhard-Str. 29<br>14469 Potsdam<br><a href=\"tel:\/\/+4933187907342\">0331 87907342<\/a><br><br><a aria-label=\"torsten@pirschheidi.de (opens in a new tab)\" rel=\"noreferrer noopener\" href=\"mailto:torsten@pirschheidi.de\" target=\"_blank\">torsten@pirschheidi.de<\/a><\/p>\n\n\n\n<p><\/p>\n","protected":false},"excerpt":{"rendered":"<p>Deine Location &#8211; Deine Show &#8211; Dein Umsatz Veranstalte deine eigene Pirschheidi! Wir binden dein Publikum mindestens sechs Stunden &#8211; mit einem einmaligen Showkonzept. Die \u201cPirschheidi\u201d ist gekennzeichnet durch ein breites Musikspektrum aus dem Schlagerbereich der letzten Dekaden und aktueller Pop-Produktionen. Meist werden ein oder mehrere K\u00fcnstler f\u00fcr Gastauftritte gebucht, die das Veranstaltungsmotto st\u00fctzen. Ihren &hellip; <\/p>\n<p class=\"link-more\"><a href=\"https:\/\/pirschheidi.com\/2020\/buchung\/\" class=\"more-link\"><span class=\"screen-reader-text\">\u201eWir sind k\u00e4uflich\u201c <\/span>weiterlesen<\/a><\/p>\n","protected":false},"author":2,"featured_media":0,"parent":0,"menu_order":0,"comment_status":"closed","ping_status":"closed","template":"","meta":{"footnotes":""},"class_list":["post-228","page","type-page","status-publish","hentry"],"_links":{"self":[{"href":"https:\/\/pirschheidi.com\/2020\/wp-json\/wp\/v2\/pages\/228","targetHints":{"allow":["GET"]}}],"collection":[{"href":"https:\/\/pirschheidi.com\/2020\/wp-json\/wp\/v2\/pages"}],"about":[{"href":"https:\/\/pirschheidi.com\/2020\/wp-json\/wp\/v2\/types\/page"}],"author":[{"embeddable":true,"href":"https:\/\/pirschheidi.com\/2020\/wp-json\/wp\/v2\/users\/2"}],"replies":[{"embeddable":true,"href":"https:\/\/pirschheidi.com\/2020\/wp-json\/wp\/v2\/comments?post=228"}],"version-history":[{"count":33,"href":"https:\/\/pirschheidi.com\/2020\/wp-json\/wp\/v2\/pages\/228\/revisions"}],"predecessor-version":[{"id":1128,"href":"https:\/\/pirschheidi.com\/2020\/wp-json\/wp\/v2\/pages\/228\/revisions\/1128"}],"wp:attachment":[{"href":"https:\/\/pirschheidi.com\/2020\/wp-json\/wp\/v2\/media?parent=228"}],"curies":[{"name":"wp","href":"https:\/\/api.w.org\/{rel}","templated":true}]}}