{"id":816,"date":"2023-05-01T19:58:55","date_gmt":"2023-05-01T17:58:55","guid":{"rendered":"https:\/\/www.pirschheidi.com\/2020\/?page_id=816"},"modified":"2023-05-04T16:55:37","modified_gmt":"2023-05-04T14:55:37","slug":"playlist","status":"publish","type":"page","link":"https:\/\/pirschheidi.com\/2020\/playlist\/","title":{"rendered":"Playlists"},"content":{"rendered":"\n<p><strong>Pirschheidi \ud83d\udcaf Top<\/strong><\/p>\n\n\n\n<p>Top-Hits, die auf keiner Pirschheidi fehlen d\u00fcrfen. Schwelge im Pathos unserer Lieblingsschlager.<\/p>\n\n\n\n<iframe style=\"border-radius:12px\" data-src=\"https:\/\/open.spotify.com\/embed\/playlist\/6P0lvFxilb3kg8EDnsKQzT?utm_source=generator&#038;theme=0\" width=\"100%\" height=\"420\" frameBorder=\"0\" allowfullscreen=\"\" allow=\"autoplay; clipboard-write; encrypted-media; fullscreen; picture-in-picture\" src=\"data:image\/svg+xml;base64,PHN2ZyB3aWR0aD0iMSIgaGVpZ2h0PSIxIiB4bWxucz0iaHR0cDovL3d3dy53My5vcmcvMjAwMC9zdmciPjwvc3ZnPg==\" class=\"lazyload\" data-load-mode=\"1\"><\/iframe>\n\n\n\n<p><strong>Pirschheidi \ud83d\udc83\ud83e\udea9\ud83d\udd7a Club-Hits<\/strong><\/p>\n\n\n\n<p>Pirschheidi goes Clubbing. Energiegeladene Tracks mit Tanzgarantie f\u00fcr hei\u00dfe N\u00e4chte.<\/p>\n\n\n\n<iframe style=\"border-radius:12px\" data-src=\"https:\/\/open.spotify.com\/embed\/playlist\/1zyuztiG1JwKkITnVHf2DI?utm_source=generator&#038;theme=0\" width=\"100%\" height=\"420\" frameBorder=\"0\" allowfullscreen=\"\" allow=\"autoplay; clipboard-write; encrypted-media; fullscreen; picture-in-picture\" src=\"data:image\/svg+xml;base64,PHN2ZyB3aWR0aD0iMSIgaGVpZ2h0PSIxIiB4bWxucz0iaHR0cDovL3d3dy53My5vcmcvMjAwMC9zdmciPjwvc3ZnPg==\" class=\"lazyload\" data-load-mode=\"1\"><\/iframe>\n\n\n\n<p><strong>Pirschheidi \u2600\ufe0f\ud83c\udf0a\ud83c\udfdd Sommerplaylist<\/strong><\/p>\n\n\n\n<p>Hier sind unsere Sommerhits. Damit wird jeder Strandsand sommerlich warm.<\/p>\n\n\n\n<iframe style=\"border-radius:12px\" data-src=\"https:\/\/open.spotify.com\/embed\/playlist\/16uXkhdLliJ7nBtdb09JE9?utm_source=generator&#038;theme=0\" width=\"100%\" height=\"420\" frameBorder=\"0\" allowfullscreen=\"\" allow=\"autoplay; clipboard-write; encrypted-media; fullscreen; picture-in-picture\" src=\"data:image\/svg+xml;base64,PHN2ZyB3aWR0aD0iMSIgaGVpZ2h0PSIxIiB4bWxucz0iaHR0cDovL3d3dy53My5vcmcvMjAwMC9zdmciPjwvc3ZnPg==\" class=\"lazyload\" data-load-mode=\"1\"><\/iframe>\n","protected":false},"excerpt":{"rendered":"<p>Pirschheidi \ud83d\udcaf Top Top-Hits, die auf keiner Pirschheidi fehlen d\u00fcrfen. Schwelge im Pathos unserer Lieblingsschlager. Pirschheidi \ud83d\udc83\ud83e\udea9\ud83d\udd7a Club-Hits Pirschheidi goes Clubbing. Energiegeladene Tracks mit Tanzgarantie f\u00fcr hei\u00dfe N\u00e4chte. Pirschheidi \u2600\ufe0f\ud83c\udf0a\ud83c\udfdd Sommerplaylist Hier sind unsere Sommerhits. Damit wird jeder Strandsand sommerlich warm.<\/p>\n","protected":false},"author":2,"featured_media":0,"parent":0,"menu_order":0,"comment_status":"closed","ping_status":"closed","template":"","meta":{"footnotes":""},"class_list":["post-816","page","type-page","status-publish","hentry"],"_links":{"self":[{"href":"https:\/\/pirschheidi.com\/2020\/wp-json\/wp\/v2\/pages\/816","targetHints":{"allow":["GET"]}}],"collection":[{"href":"https:\/\/pirschheidi.com\/2020\/wp-json\/wp\/v2\/pages"}],"about":[{"href":"https:\/\/pirschheidi.com\/2020\/wp-json\/wp\/v2\/types\/page"}],"author":[{"embeddable":true,"href":"https:\/\/pirschheidi.com\/2020\/wp-json\/wp\/v2\/users\/2"}],"replies":[{"embeddable":true,"href":"https:\/\/pirschheidi.com\/2020\/wp-json\/wp\/v2\/comments?post=816"}],"version-history":[{"count":16,"href":"https:\/\/pirschheidi.com\/2020\/wp-json\/wp\/v2\/pages\/816\/revisions"}],"predecessor-version":[{"id":839,"href":"https:\/\/pirschheidi.com\/2020\/wp-json\/wp\/v2\/pages\/816\/revisions\/839"}],"wp:attachment":[{"href":"https:\/\/pirschheidi.com\/2020\/wp-json\/wp\/v2\/media?parent=816"}],"curies":[{"name":"wp","href":"https:\/\/api.w.org\/{rel}","templated":true}]}}